{"id":100,"date":"2019-03-15T17:02:49","date_gmt":"2019-03-15T15:02:49","guid":{"rendered":"https:\/\/melges24klassenvereinigungdeutsch.wordpress.com\/?page_id=100"},"modified":"2019-03-15T17:02:49","modified_gmt":"2019-03-15T15:02:49","slug":"impressum","status":"publish","type":"page","link":"http:\/\/melges24.de\/?page_id=100","title":{"rendered":"Datenschutzerkl\u00e4rung"},"content":{"rendered":"<p><strong>Datenschutzerkl\u00e4rung nach Ma\u00dfgabe der DS-GVO<\/strong><\/p>\n<p><strong>\u00a0<\/strong><\/p>\n<p><strong>\u00a0<\/strong><\/p>\n<ol>\n<li><strong> Zu dieser Datenschutzerkl\u00e4rung<\/strong><\/li>\n<\/ol>\n<p>Diese Datenschutzerkl\u00e4rung gilt f\u00fcr alle Websites, Anwendungen und\/oder Tools des Vereins<\/p>\n<p>Der Schutz Ihrer Privatsph\u00e4re ist uns ein wichtiges Anliegen. Die hier aufgef\u00fchrte Datenschutzerkl\u00e4rung entspricht den Richtlinien der DSGVO und des BDSG sowie des Telemediengesetzes. Sie soll \u00fcber die Art, den Zweck und die Verwendung personenbezogener Daten durch den Websitebetreiber Deutsche Melges 24 Klassenvereinigung e.V. (c\/o Michael Tarabochia, Bavariaring 44, 80336 M\u00fcnchen; E-Mail: <a href=\"mailto:vorsitz@melges24.de\">vorsitz@melges24.de<\/a>) (im Weiteren \u201eder Verein\u201c genannt) informieren.<\/p>\n<p>Gleichwohl unsere Seite mit verschiedenen Sicherheitsvorkehrungen ausgestattet ist, kann kein vollst\u00e4ndiger Schutz Ihrer Daten gew\u00e4hrleistet werden, da Sicherheitsl\u00fccken im Internet nicht ausgeschlossen werden k\u00f6nnen. Sollten Sie Anliegend bzgl. der Erhebung Ihrer Daten haben, finden Sie am Ende des Textes die entsprechenden Kontaktdaten unserer Ansprechpartner.<\/p>\n<ol start=\"2\">\n<li><strong> Personenbezogene Daten<\/strong><\/li>\n<\/ol>\n<p>Die Funktion und die Kommunikation unseres Services sind auf die Daten unserer Nutzer angewiesen. Dabei sind personenbezogene Daten besonders sensibel \u2013 damit sind alle Informationen gemeint, welche sich eindeutig auf eine bestimmte, nat\u00fcrliche Person zur\u00fcckf\u00fchren lassen. Laut DSVGO besteht f\u00fcr uns die Verpflichtung, den gesamten Umfang aller derartigen Daten aufzulisten.<\/p>\n<p>Durch die Nutzung unserer Seite werden folgende personenbezogene Daten nach DSGVO erhoben:<\/p>\n<ul>\n<li>Vor- und Zuname<\/li>\n<li>E-Mail-Adresse<\/li>\n<li>IP-Adresse<\/li>\n<\/ul>\n<p>Diese Daten fallen an, wenn Sie folgende Funktionen benutzen:<\/p>\n<ul>\n<li>Kontaktformular<\/li>\n<\/ul>\n<p>Wir versichern, dass diese Daten ausschlie\u00dflich dem Funktionieren und Umsetzen der Kontaktaufnahme, der statistischen Auswertung, der personalisierten Werbung und Marketingmitteilungen und der Verbesserung unseres Angebotes dienen. Wir erheben, nutzen und geben Ihre personenbezogenen Daten nur dann weiter, wenn dies im gesetzlichen Rahmen erlaubt ist oder Sie in die Datenerhebung einwilligen. Laut geltenden Vorschriften werden diese Daten nur f\u00fcr die Zeit erhoben, wie Sie unseren Service nutzen. Wir behalten uns zudem vor, die Server-Logfiles nachtr\u00e4glich zu \u00fcberpr\u00fcfen, sollten konkrete Anhaltspunkte vorliegen, die auf eine rechtswidrige Nutzung hinweisen. Die gesetzlich geltenden L\u00f6schvorschriften werden eingehalten.<\/p>\n<p>Ihre personenbezogenen Daten werden durch technische und organisatorische Sicherheitsma\u00dfnahmen gesch\u00fctzt, um Risiken im Zusammenhang mit deren Verlust, Missbrauch, rechtswidrigen Zugriff sowie unberechtigter Weitergabe zu minimieren.<\/p>\n<ol start=\"3\">\n<li><strong> Daten\u00fcbermittlung\/Datenprotokollierung<\/strong><\/li>\n<\/ol>\n<p>Im Rahmen der gesetzlichen Befugnisse werden Ihre personenbezogenen Daten gegen\u00fcber folgenden Firmen innerhalb der EU offengelegt:<\/p>\n<p>&#8211;\u00a0\u00a0\u00a0\u00a0\u00a0\u00a0\u00a0\u00a0\u00a0 IT Dienstleister im Rahmen der Wartung und Softwarepflege<\/p>\n<p>&#8211;\u00a0\u00a0\u00a0\u00a0\u00a0\u00a0\u00a0\u00a0\u00a0 Google Inc. (<a href=\"http:\/\/www.google.de\/settings\/ads\/onweb\">www.google.de\/settings\/ads\/onweb<\/a>)<\/p>\n<p><strong>3.1 Log-Dateien<\/strong><\/p>\n<p>Eine Logdatei wird im Zuge eines automatischen Protokolls des verarbeitenden Computersystems erstellt. Das bedeutet, dass Informationen Ihres verwendeten Endger\u00e4tes als Logfiles auf einem Server festgehalten werden.<\/p>\n<p>Auch wir f\u00fchren eine Log-Dateianalyse durch. Unser Seitenprovider protokolliert dabei:<\/p>\n<ul>\n<li>Zugriff auf die Seite: Datum, Uhrzeit, H\u00e4ufigkeit<\/li>\n<li>Wie Sie auf die Seite gelangt sind (vorherige Seite, Hyperlink etc.)<\/li>\n<li>Menge der gesendeten Daten<\/li>\n<li>Welchen Browser und welche Version desselben Sie verwenden<\/li>\n<li>Verwendete (Ihre) IP-Adresse<\/li>\n<\/ul>\n<p>Auch hier dienen die erhobenen Daten lediglich der Verbesserung unseres Angebotes. Der Betreiber darf Server-Logfiles nur dann l\u00e4nger speichern, herausgeben oder nachtr\u00e4glich auf diese zugreifen sowie \u00fcberpr\u00fcfen, wenn dies im rechtlichen Rahmen gestattet ist (z.B. bei Verdacht auf rechtswidrige Aktivit\u00e4ten).<\/p>\n<p><strong>3.2 Dauer der Datenspeicherung<\/strong><\/p>\n<p>Wir speichern Ihre Daten so lange, wie es der jeweilige Zweck erfordert:<\/p>\n<p>&#8211;\u00a0\u00a0\u00a0\u00a0\u00a0\u00a0\u00a0\u00a0\u00a0 Angebotsdaten: 1 Jahr,<\/p>\n<p>&#8211;\u00a0\u00a0\u00a0\u00a0\u00a0\u00a0\u00a0\u00a0\u00a0 Vertragsunterlagen: 10 Jahre,<\/p>\n<p>&#8211;\u00a0\u00a0\u00a0\u00a0\u00a0\u00a0\u00a0\u00a0\u00a0 IP-Daten: 3 Jahre (regelm\u00e4\u00dfige Verj\u00e4hrung),<\/p>\n<p>&#8211;\u00a0\u00a0\u00a0\u00a0\u00a0\u00a0\u00a0\u00a0\u00a0 Rechtsangelegenheiten: 6 Jahre (\u00a7 50 BRAO)<\/p>\n<p>&#8211;\u00a0\u00a0\u00a0\u00a0\u00a0\u00a0\u00a0\u00a0\u00a0 Schadensf\u00e4lle: 10 Jahre<\/p>\n<p><strong>3.3 Cookies<\/strong><\/p>\n<p>Unsere Website verwendet Cookies. Dabei handelt es sich um kleinere Textdateien, die es erm\u00f6glichen, dass auf dem Endger\u00e4t des Nutzers spezifische d.h. auf den Nutzer bezogene Informationen gespeichert werden, w\u00e4hrend dieser die Website nutzt. Cookies erm\u00f6glichen es uns insbesondere die Nutzungsh\u00e4ufigkeit und Nutzeranzahl der Seiten zu ermitteln, Verhaltensweisen der Seitennutzung zu analysieren, aber auch unser Angebot kundenfreundlicher zu gestalten. Die am h\u00e4ufigsten verwendeten sog. \u201eSession-Cookies\u201c werden nach Ende Ihres Besuchs automatisch gel\u00f6scht. Andere Cookies jedoch bleiben auf Ihrem Endger\u00e4t gespeichert, bis Sie diese l\u00f6schen. Diese Cookies erm\u00f6glichen es uns, Ihren Browser beim n\u00e4chsten Besuch wiederzuerkennen. Wenn Sie das nicht w\u00fcnschen, sollten Sie Ihren Internetbrowser so einstellen, dass er die Annahme von Cookies verweigert. Jedoch kann die Deaktivierung von Cookies auch die Funktionalit\u00e4t dieser Website einschr\u00e4nken.<\/p>\n<p><strong>3.4 Newsletter und Abonnements<\/strong><\/p>\n<p>Wir bieten Ihnen einen Newsletter an, wobei ein Anspruch auf dessen Erscheinen nicht besteht. In diesem Newsletter informieren wir Sie \u00fcber aktuelle Angebote. M\u00f6chten Sie den Newsletter abonnieren, m\u00fcssen Sie eine valide E-Mail-Adresse angeben. Daf\u00fcr speichern wir die angegebenen E-Mail-Adressen ab. Wenn Sie dies nicht mehr w\u00fcnschen, k\u00f6nnen Sie sich jederzeit unter der im Newsletter angegebenen Adresse (Abmelde-Link) von der Zusendung des Newsletters abmelden. Ihre E-Mail-Adresse wird dann unverz\u00fcglich aus dem Verteiler gel\u00f6scht.<\/p>\n<ol start=\"4\">\n<li><strong> Webanalysedienste<\/strong><\/li>\n<\/ol>\n<p>Diese Website benutzt Google Analytics, einen Webanalysedienst der Google Inc., 1600 Amphitheatre Parkway Mountain View, CA 94043, USA, (\u201eGoogle\u201c). Google Analytics verwendet sog. \u201eCookies\u201c, Textdateien, die auf Ihrem Computer gespeichert werden und die eine Analyse der Benutzung der Website durch Sie erm\u00f6glichen. Die durch den Cookie erzeugten Informationen \u00fcber Ihre Benutzung dieser Website werden in der Regel an einen Server von Google in den USA \u00fcbertragen und dort gespeichert.<\/p>\n<p>Im Falle der Aktivierung der IP-Anonymisierung auf dieser Webseite, wird Ihre IP-Adresse von Google jedoch innerhalb von Mitgliedstaaten der Europ\u00e4ischen Union oder in anderen Vertragsstaaten des Abkommens \u00fcber den Europ\u00e4ischen Wirtschaftsraum zuvor gek\u00fcrzt. Nur in Ausnahmef\u00e4llen wird die volle IP-Adresse an einen Server von Google in den USA \u00fcbertragen und dort gek\u00fcrzt. Durch diese K\u00fcrzung entf\u00e4llt der Personenbezug Ihrer IP-Adresse. Im Rahmen der Vereinbarung zur Auftragsdatenvereinbarung, welche die Websitebetreiber mit der Google Inc. geschlossen haben, erstellt diese mithilfe der gesammelten Informationen eine Auswertung der Websitenutzung und der Websiteaktivit\u00e4t und erbringt mit der Internetnutzung verbundene Dienstleistungen. Die im Rahmen von Google Analytics von Ihrem Browser \u00fcbermittelte IP-Adresse wird nicht mit anderen Daten von Google zusammengef\u00fchrt.<\/p>\n<p>Sie haben die M\u00f6glichkeit, die Speicherung des Cookies auf Ihrem Ger\u00e4t zu verhindern, indem Sie in Ihrem Browser entsprechende Einstellungen vornehmen. Es ist nicht gew\u00e4hrleistet, dass Sie auf alle Funktionen dieser Website ohne Einschr\u00e4nkungen zugreifen k\u00f6nnen, wenn Ihr Browser keine Cookies zul\u00e4sst.<\/p>\n<p>Weiterhin k\u00f6nnen Sie durch ein Browser-Plugin verhindern, dass die durch Cookies gesammelten Informationen (inklusive Ihrer IP-Adresse) an die Google Inc. gesendet und von der Google Inc. genutzt werden. Folgender Link f\u00fchrt Sie zu dem entsprechenden Plugin:\u00a0<a href=\"https:\/\/tools.google.com\/dlpage\/gaoptout?hl=de\">https:\/\/tools.google.com\/dlpage\/gaoptout?hl=de<\/a><u>.<\/u><br \/>\nAlternativ verhindern Sie mit einem Klick auf diesen Link <strong>(WICHTIG! Opt-Out-Link einf\u00fcgen)<\/strong>, dass Google Analytics innerhalb dieser Website Daten \u00fcber Sie erfasst. Mit dem Klick auf obigen Link laden Sie ein \u201eOpt-Out-Cookie\u201c herunter. Ihr Browser muss die Speicherung von Cookies also hierzu grunds\u00e4tzlich erlauben. L\u00f6schen Sie Ihre Cookies regelm\u00e4\u00dfig, ist ein erneuter Klick auf den Link bei jedem Besuch dieser Website vonn\u00f6ten.<\/p>\n<p>Hier finden Sie weitere Informationen zur Datennutzung durch die Google Inc.:\u00a0<a href=\"https:\/\/support.google.com\/analytics\/answer\/6004245?hl=de\">https:\/\/support.google.com\/analytics\/answer\/6004245?hl=de<\/a>.<\/p>\n<ol start=\"5\">\n<li><strong> Datenschutzerkl\u00e4rung f\u00fcr die Nutzung von Facebook<\/strong><\/li>\n<\/ol>\n<p>Unsere Webseite nutzt Funktionen des sozialen Netzwerks Facebook, so z.B. den sog. \u201eLike-Button\u201c. N\u00e4here Informationen zu den Funktionen von Facebook (\u201cPlug-ins\u201d) finden Sie unter\u00a0<a href=\"http:\/\/developers.facebook.com\/docs\/plugins\/\">http:\/\/developers.facebook.com\/docs\/plugins\/<\/a>.<\/p>\n<p>Anbieter ist die Facebook Ireland Limited, 4 Grand Canal Square, Dublin 2, Irland.<\/p>\n<p>Bei jedem Abruf einer unserer Seiten, die Funktionen von Facebook enthalten, wird eine Verbindung zu Servern von Facebook hergestellt.<\/p>\n<p>Wir weisen Sie darauf hin, dass insbesondere dann, wenn Sie bei Nutzung dieser Funktionen, in Ihrem Facebook-Account eingeloggt sind, Informationen an Facebook weitergeleitet werden k\u00f6nnen.<\/p>\n<p>So kann Facebook die Information erhalten, dass Sie mit Ihrer IP-Adresse unsere Website besucht haben. Dieser Besuch kann dann Ihrem Benutzerkonto zuordnen werden.<\/p>\n<p>Weitere Informationen zur Speicherung und Nutzung Ihrer Daten k\u00f6nnen Sie den AGB von Facebook unter <a href=\"https:\/\/www.facebook.com\/legal\/terms?ref=pf\">https:\/\/www.facebook.com\/legal\/terms?ref=pf<\/a> entnehmen.<\/p>\n<p>Eine Speicherung von personenbezogenen Daten durch den Aufruf der Facebook-Website erfolgt durch unsere Website nicht. Insbesondere werden von uns keine IP-Adressen gespeichert oder das Nutzungsverhalten ausgewertet.<\/p>\n<p>Weitere Information zum Datenschutz finden Sie in der Datenschutzerkl\u00e4rung von Facebook unter <a href=\"https:\/\/de-de.facebook.com\/about\/privacy\/update\">https:\/\/de-de.facebook.com\/about\/privacy\/update<\/a>.<\/p>\n<p>Unsere Facebook-Seite ist dar\u00fcber hinaus mit unserer Website derartig verbunden, dass Inhalte, welche wir auf unserer Facebook-Website ver\u00f6ffentlichen, automatisch auch auf unserer Website aufgef\u00fchrt werden.<\/p>\n<p>Dabei kann es zu einem Transfer Ihrer personenbezogenen Daten kommen und einer Speicherung dieser personenbezogenen Daten sowohl durch unsere Website, als auch durch Facebook. Insoweit verweisen wir erneut auf die Nutzungs- und Speicherbedingungen durch Facebook unter <a href=\"https:\/\/www.facebook.com\/legal\/terms?ref=pf\">https:\/\/www.facebook.com\/legal\/terms?ref=pf<\/a>.<\/p>\n<ol start=\"6\">\n<li><strong> Ihre Rechte<\/strong><\/li>\n<\/ol>\n<p>Selbstverst\u00e4ndlich haben Sie in Bezug auf die Erhebung Ihrer Daten Rechte. Laut geltendem Gesetz sind wir dazu verpflichtet, Sie \u00fcber dieselben aufzukl\u00e4ren. Die Inanspruchnahme und Durchf\u00fchrung dieser Rechte ist f\u00fcr Sie kostenlos.<\/p>\n<p><strong>6.1 Widerrufsrecht<\/strong><\/p>\n<p>Sie haben das Recht, Ihre Einwilligung bzgl. der Erhebung von Daten jederzeit zu widerrufen. Dieses Recht gilt mit Wirkung f\u00fcr die Zukunft; die bis zur Rechtskraft des Widerrufs erhobenen Daten bleiben hiervon unber\u00fchrt.<\/p>\n<p><strong>6.2 Recht auf Daten\u00fcbertragbarkeit<\/strong><\/p>\n<p>Sie haben das Recht, eine \u00dcbertragung Ihrer Daten von uns auf eine andere Stelle zu beantragen.<\/p>\n<p><strong>6.3 Recht auf Berechtigung, L\u00f6schung oder Sperrung<\/strong><\/p>\n<p>Die im Vertrag angegebenen personenbezogenen Daten, insbesondere Name, Anschrift, Telefonnummer, Bankdaten, die allein zum Zwecke der Durchf\u00fchrung des entstehenden Vertragsverh\u00e4ltnisses notwendig und erforderlich sind, werden auf Grundlage gesetzlicher Berechtigungen erhoben. Mit der Nutzung dieser Website willigen Sie zudem in die Nutzung und konzerninterne Weitergabe Ihrer pers\u00f6nlichen Daten zu weiteren Zwecken ein. Dabei sind Sie im Sinne mit den folgenden Nutzungszwecken einverstanden:<\/p>\n<p>Bei einer pers\u00f6nlichen Registrierung willigen Sie ein, dass die Deutsche Melges 24 Klassenvereinigung e.V. Ihnen postalisch Informationen und Angebote zu weiteren Produkten zum Zwecke der Werbung \u00fcbersendet.<\/p>\n<p>Die im Kontaktformular angegebenen personenbezogenen Daten, insbesondere Name und E-Mail-Adresse, die allein zum Zwecke der Durchf\u00fchrung des entstehenden Verh\u00e4ltnisses notwendig und erforderlich sind, werden auf Grundlage gesetzlicher Berechtigungen erhoben.<\/p>\n<p>Sie erkl\u00e4ren sich damit einverstanden, dass Ihnen nach einer pers\u00f6nlichen Registrierung bei der Deutsche Melges 24 Klassenvereinigung e.V. durch diese per E-Mail\/Telefon\/Fax\/SMS* Informationen und Angebote zu weiteren Produkten zum Zwecke der Werbung \u00fcbersendet werden.<\/p>\n<p>Sie haben insbesondere die folgenden Rechte im Hinblick auf ihre personenbezogenen Daten:<\/p>\n<p>Sie sind gem\u00e4\u00df Art. 15 DSGVO jederzeit berechtigt, gegen\u00fcber der Deutsche Melges 24 Klassenvereinigung e.V. um umfangreiche Auskunftserteilung zu den zu Ihrer Person gespeicherten Daten zu ersuchen.<\/p>\n<p>Sie sind gem\u00e4\u00df Art. 16 DSGVO jederzeit berechtigt, gegen\u00fcber der Deutsche Melges 24 Klassenvereinigung e.V. um Berichtigung Sie betreffender unrichtiger personenbezogener Daten zu ersuchen.<\/p>\n<p>Gem\u00e4\u00df Art. 17 DSGVO k\u00f6nnen Sie jederzeit gegen\u00fcber der Deutsche Melges 24 Klassenvereinigung e.V. die Berichtigung, L\u00f6schung und Sperrung einzelner personenbezogener Daten verlangen.<\/p>\n<p>Gem\u00e4\u00df Art. 19 DSGVO werden Sie hinsichtlich der Berichtigung oder L\u00f6schung personenbezogener Daten oder der Einschr\u00e4nkung deren Verarbeitung benachrichtigt.<\/p>\n<p>Gem\u00e4\u00df Art. 20 DSGVO sind sie jederzeit berechtigt, gegen\u00fcber der Deutsche Melges 24 Klassenvereinigung e.V. die Bereitstellung der sie betreffenden personenbezogenen Daten, in einem strukturierten, g\u00e4ngigen und maschinenlesbaren Format sowie die \u00dcbermittlung dieser Daten an einen anderen Verantwortlichen zu ersuchen.<\/p>\n<p>Sie k\u00f6nnen dar\u00fcber hinaus jederzeit ohne Angabe von Gr\u00fcnden von Ihrem Widerspruchsrecht (Art 21. DSGVO) Gebrauch machen und die erteilte Einwilligungserkl\u00e4rung mit Wirkung f\u00fcr die Zukunft ab\u00e4ndern oder g\u00e4nzlich widerrufen. Sie k\u00f6nnen den Widerruf entweder postalisch, per E-Mail oder per Fax an den Vertragspartner \u00fcbermitteln. Es entstehen Ihnen dabei keine anderen Kosten als die Portokosten bzw. die \u00dcbermittlungskosten nach den bestehenden Basistarifen. Sie als Nutzer erhalten auf Antrag Ihrerseits kostenlose Auskunft dar\u00fcber, welche personenbezogenen Daten \u00fcber Sie gespeichert wurden. Sofern Ihr Wunsch nicht mit einer gesetzlichen Pflicht zur Aufbewahrung von Daten (z. B. Vorratsdatenspeicherung) kollidiert, haben Sie ein Anrecht auf Berichtigung falscher Daten und auf die Sperrung oder L\u00f6schung Ihrer personenbezogenen Daten.<\/p>\n<ol start=\"7\">\n<li><strong> Beschwerderecht<\/strong><\/li>\n<\/ol>\n<p>Sie haben das Recht, sich bei einer Aufsichtsbeh\u00f6rde bzw. einer zust\u00e4ndigen Stelle zu beschweren, insofern Sie einen Grund zur Beanstandung haben sollten. F\u00fcr die Inanspruchnahme dieses Rechts und der zwei vorher genannten wenden Sie sich bitte an die am Ende dieser Datenschutzerkl\u00e4rung aufgef\u00fchrten Kontaktpersonen.<\/p>\n<ol start=\"8\">\n<li><strong> Pflichten des Nutzers \/ Copyright<\/strong><\/li>\n<\/ol>\n<p>Jedes Design dieser Website, jeder in ihr enthaltener Text, alle Grafiken, jede Auswahl bzw. jedes Layout davon und jede Software sind rechtlich gesch\u00fctztes Eigentum der Deutsche Melges 24 Klassenvereinigung e.V. (Copyright \u00a9 Deutsche Melges 24 Klassenvereinigung e.V. ALLE RECHTE VORBEHALTEN). Die Vervielf\u00e4ltigung oder das Kopieren (auch der Ausdruck des Papiers) der gesamten oder von Teilen dieser Website sind nur dann erlaubt, wenn dies einer Bestellung bei der Deutsche Melges 24 Klassenvereinigung e.V. dient oder zu dem Zweck, diese Website f\u00fcr den Einkauf zu nutzen.<\/p>\n<p>Jede andere Nutzung der Materialien und Informationen, die auf dieser Website genutzt werden k\u00f6nnen &#8211; inklusive jedweden Replik, Weitervertriebs, der Ver\u00e4nderung oder der Ver\u00f6ffentlichung zu einem anderen als dem oben genannten Zweck &#8211; ist untersagt, es sei denn, die Deutsche Melges 24 Klassenvereinigung e.V. hat diesem vorher schriftlich zugestimmt, oder die Weitergabe von Daten findet innerhalb des Konzerns statt.<\/p>\n<ol start=\"9\">\n<li><strong> \u00c4nderung der Datenschutzerkl\u00e4rung<\/strong><\/li>\n<\/ol>\n<p>Wir als Verantwortliche behalten es uns vor, die Datenschutzerkl\u00e4rung jederzeit im Hinblick auf geltende Datenschutzvorschriften zu ver\u00e4ndern. Derzeitiger<\/p>\n","protected":false},"excerpt":{"rendered":"<p>Datenschutzerkl\u00e4rung nach Ma\u00dfgabe der DS-GVO \u00a0 \u00a0 Zu dieser Datenschutzerkl\u00e4rung Diese Datenschutzerkl\u00e4rung gilt f\u00fcr alle Websites, Anwendungen und\/oder Tools des Vereins Der Schutz Ihrer Privatsph\u00e4re ist uns ein wichtiges Anliegen. Die hier aufgef\u00fchrte Datenschutzerkl\u00e4rung entspricht den Richtlinien der DSGVO und des BDSG sowie des Telemediengesetzes. Sie soll \u00fcber die Art, den Zweck und die Verwendung &hellip; <a href=\"http:\/\/melges24.de\/?page_id=100\" class=\"more-link\"><span class=\"screen-reader-text\">Datenschutzerkl\u00e4rung<\/span> weiterlesen<\/a><\/p>\n","protected":false},"author":1,"featured_media":0,"parent":0,"menu_order":0,"comment_status":"closed","ping_status":"closed","template":"","meta":{"footnotes":""},"class_list":["post-100","page","type-page","status-publish","hentry"],"_links":{"self":[{"href":"http:\/\/melges24.de\/index.php?rest_route=\/wp\/v2\/pages\/100","targetHints":{"allow":["GET"]}}],"collection":[{"href":"http:\/\/melges24.de\/index.php?rest_route=\/wp\/v2\/pages"}],"about":[{"href":"http:\/\/melges24.de\/index.php?rest_route=\/wp\/v2\/types\/page"}],"author":[{"embeddable":true,"href":"http:\/\/melges24.de\/index.php?rest_route=\/wp\/v2\/users\/1"}],"replies":[{"embeddable":true,"href":"http:\/\/melges24.de\/index.php?rest_route=%2Fwp%2Fv2%2Fcomments&post=100"}],"version-history":[{"count":0,"href":"http:\/\/melges24.de\/index.php?rest_route=\/wp\/v2\/pages\/100\/revisions"}],"wp:attachment":[{"href":"http:\/\/melges24.de\/index.php?rest_route=%2Fwp%2Fv2%2Fmedia&parent=100"}],"curies":[{"name":"wp","href":"https:\/\/api.w.org\/{rel}","templated":true}]}}